{"id":667,"date":"2024-05-18T18:11:57","date_gmt":"2024-05-18T18:11:57","guid":{"rendered":"https:\/\/mericazdravahrana.rs\/?page_id=667"},"modified":"2024-05-31T14:49:48","modified_gmt":"2024-05-31T14:49:48","slug":"kontakt","status":"publish","type":"page","link":"https:\/\/mericazdravahrana.rs\/index.php\/kontakt\/","title":{"rendered":"Kontakt"},"content":{"rendered":"\t\t<div data-elementor-type=\"wp-page\" data-elementor-id=\"667\" class=\"elementor elementor-667\">\n\t\t\t\t<div class=\"elementor-element elementor-element-881cd70 e-flex e-con-boxed e-con e-parent\" data-id=\"881cd70\" data-element_type=\"container\" data-e-type=\"container\" data-settings=\"{&quot;background_background&quot;:&quot;classic&quot;}\">\n\t\t\t\t\t<div class=\"e-con-inner\">\n\t\t\t\t<div class=\"elementor-element elementor-element-9742456 elementor-widget elementor-widget-heading\" data-id=\"9742456\" data-element_type=\"widget\" data-e-type=\"widget\" data-widget_type=\"heading.default\">\n\t\t\t\t<div class=\"elementor-widget-container\">\n\t\t\t\t\t<h2 class=\"elementor-heading-title elementor-size-default\">PO\u0160ALJITE UPIT<\/h2>\t\t\t\t<\/div>\n\t\t\t\t<\/div>\n\t\t\t\t\t<\/div>\n\t\t\t\t<\/div>\n\t\t<div class=\"elementor-element elementor-element-6953580 e-flex e-con-boxed e-con e-parent\" data-id=\"6953580\" data-element_type=\"container\" data-e-type=\"container\" data-settings=\"{&quot;background_background&quot;:&quot;classic&quot;}\">\n\t\t\t\t\t<div class=\"e-con-inner\">\n\t\t\t\t<div class=\"elementor-element elementor-element-ac38373 elementor-widget elementor-widget-spacer\" data-id=\"ac38373\" data-element_type=\"widget\" data-e-type=\"widget\" data-widget_type=\"spacer.default\">\n\t\t\t\t<div class=\"elementor-widget-container\">\n\t\t\t\t\t\t\t<div class=\"elementor-spacer\">\n\t\t\t<div class=\"elementor-spacer-inner\"><\/div>\n\t\t<\/div>\n\t\t\t\t\t\t<\/div>\n\t\t\t\t<\/div>\n\t\t\t\t\t<\/div>\n\t\t\t\t<\/div>\n\t\t<div class=\"elementor-element elementor-element-cfcd0d9 e-flex e-con-boxed e-con e-parent\" data-id=\"cfcd0d9\" data-element_type=\"container\" data-e-type=\"container\" data-settings=\"{&quot;background_background&quot;:&quot;classic&quot;}\">\n\t\t\t\t\t<div class=\"e-con-inner\">\n\t\t\t\t<div class=\"elementor-element elementor-element-237eb93 elementor-widget elementor-widget-text-editor\" data-id=\"237eb93\" data-element_type=\"widget\" data-e-type=\"widget\" data-widget_type=\"text-editor.default\">\n\t\t\t\t<div class=\"elementor-widget-container\">\n\t\t\t\t\t\t\t\t\t\n<div class=\"wpcf7 no-js\" id=\"wpcf7-f241-o1\" lang=\"en-US\" dir=\"ltr\" data-wpcf7-id=\"241\">\n<div class=\"screen-reader-response\"><p role=\"status\" aria-live=\"polite\" aria-atomic=\"true\"><\/p> <ul><\/ul><\/div>\n<form action=\"\/index.php\/wp-json\/wp\/v2\/pages\/667#wpcf7-f241-o1\" method=\"post\" class=\"wpcf7-form init\" aria-label=\"Contact form\" novalidate=\"novalidate\" data-status=\"init\">\n<fieldset class=\"hidden-fields-container\"><input type=\"hidden\" name=\"_wpcf7\" value=\"241\" \/><input type=\"hidden\" name=\"_wpcf7_version\" value=\"6.1.5\" \/><input type=\"hidden\" name=\"_wpcf7_locale\" value=\"en_US\" \/><input type=\"hidden\" name=\"_wpcf7_unit_tag\" value=\"wpcf7-f241-o1\" \/><input type=\"hidden\" name=\"_wpcf7_container_post\" value=\"0\" \/><input type=\"hidden\" name=\"_wpcf7_posted_data_hash\" value=\"\" \/>\n<\/fieldset>\n<p><label> Va\u0161e ime<br \/>\n<span class=\"wpcf7-form-control-wrap\" data-name=\"your-name\"><input size=\"40\" maxlength=\"400\" class=\"wpcf7-form-control wpcf7-text wpcf7-validates-as-required\" autocomplete=\"name\" aria-required=\"true\" aria-invalid=\"false\" value=\"\" type=\"text\" name=\"your-name\" \/><\/span> <\/label>\n<\/p>\n<p><label> Va\u0161 email<br \/>\n<span class=\"wpcf7-form-control-wrap\" data-name=\"your-email\"><input size=\"40\" maxlength=\"400\" class=\"wpcf7-form-control wpcf7-email wpcf7-validates-as-required wpcf7-text wpcf7-validates-as-email\" autocomplete=\"email\" aria-required=\"true\" aria-invalid=\"false\" value=\"\" type=\"email\" name=\"your-email\" \/><\/span> <\/label>\n<\/p>\n<p><label> Naslov poruke<br \/>\n<span class=\"wpcf7-form-control-wrap\" data-name=\"your-subject\"><input size=\"40\" maxlength=\"400\" class=\"wpcf7-form-control wpcf7-text wpcf7-validates-as-required\" aria-required=\"true\" aria-invalid=\"false\" value=\"\" type=\"text\" name=\"your-subject\" \/><\/span> <\/label>\n<\/p>\n<p><label> Va\u0161a poruka<br \/>\n<span class=\"wpcf7-form-control-wrap\" data-name=\"your-message\"><textarea cols=\"40\" rows=\"10\" maxlength=\"2000\" class=\"wpcf7-form-control wpcf7-textarea\" aria-invalid=\"false\" name=\"your-message\"><\/textarea><\/span> <\/label>\n<\/p>\n<p><input class=\"wpcf7-form-control wpcf7-submit has-spinner\" type=\"submit\" value=\"Po\u0161alji\" \/>\n<\/p><div class=\"wpcf7-response-output\" aria-hidden=\"true\"><\/div>\n<\/form>\n<\/div>\n\t\t\t\t\t\t\t\t<\/div>\n\t\t\t\t<\/div>\n\t\t\t\t\t<\/div>\n\t\t\t\t<\/div>\n\t\t\t\t<section class=\"elementor-section elementor-top-section elementor-element elementor-element-62f0445f envato-kit-141-top-0 elementor-reverse-mobile elementor-section-boxed elementor-section-height-default elementor-section-height-default\" data-id=\"62f0445f\" data-element_type=\"section\" data-e-type=\"section\" data-settings=\"{&quot;background_background&quot;:&quot;classic&quot;}\">\n\t\t\t\t\t\t\t<div class=\"elementor-background-overlay\"><\/div>\n\t\t\t\t\t\t\t<div class=\"elementor-container elementor-column-gap-default\">\n\t\t\t\t\t<div class=\"elementor-column elementor-col-50 elementor-top-column elementor-element elementor-element-2b00a810 elementor-invisible\" data-id=\"2b00a810\" data-element_type=\"column\" data-e-type=\"column\" data-settings=\"{&quot;animation&quot;:&quot;fadeIn&quot;,&quot;animation_delay&quot;:100}\">\n\t\t\t<div class=\"elementor-widget-wrap elementor-element-populated\">\n\t\t\t\t\t\t<div class=\"elementor-element elementor-element-1f144743 elementor-widget elementor-widget-heading\" data-id=\"1f144743\" data-element_type=\"widget\" data-e-type=\"widget\" data-widget_type=\"heading.default\">\n\t\t\t\t<div class=\"elementor-widget-container\">\n\t\t\t\t\t<h3 class=\"elementor-heading-title elementor-size-default\">Kontakt<\/h3>\t\t\t\t<\/div>\n\t\t\t\t<\/div>\n\t\t\t\t<div class=\"elementor-element elementor-element-36002331 elementor-icon-list--layout-traditional elementor-list-item-link-full_width elementor-widget elementor-widget-icon-list\" data-id=\"36002331\" data-element_type=\"widget\" data-e-type=\"widget\" data-widget_type=\"icon-list.default\">\n\t\t\t\t<div class=\"elementor-widget-container\">\n\t\t\t\t\t\t\t<ul class=\"elementor-icon-list-items\">\n\t\t\t\t\t\t\t<li class=\"elementor-icon-list-item\">\n\t\t\t\t\t\t\t\t\t\t\t<span class=\"elementor-icon-list-icon\">\n\t\t\t\t\t\t\t<svg aria-hidden=\"true\" class=\"e-font-icon-svg e-fas-map-marker-alt\" viewBox=\"0 0 384 512\" xmlns=\"http:\/\/www.w3.org\/2000\/svg\"><path d=\"M172.268 501.67C26.97 291.031 0 269.413 0 192 0 85.961 85.961 0 192 0s192 85.961 192 192c0 77.413-26.97 99.031-172.268 309.67-9.535 13.774-29.93 13.773-39.464 0zM192 272c44.183 0 80-35.817 80-80s-35.817-80-80-80-80 35.817-80 80 35.817 80 80 80z\"><\/path><\/svg>\t\t\t\t\t\t<\/span>\n\t\t\t\t\t\t\t\t\t\t<span class=\"elementor-icon-list-text\">Patrijarha Joanikija bb, Beograd<\/span>\n\t\t\t\t\t\t\t\t\t<\/li>\n\t\t\t\t\t\t\t\t<li class=\"elementor-icon-list-item\">\n\t\t\t\t\t\t\t\t\t\t\t<span class=\"elementor-icon-list-icon\">\n\t\t\t\t\t\t\t<svg aria-hidden=\"true\" class=\"e-font-icon-svg e-fas-phone\" viewBox=\"0 0 512 512\" xmlns=\"http:\/\/www.w3.org\/2000\/svg\"><path d=\"M493.4 24.6l-104-24c-11.3-2.6-22.9 3.3-27.5 13.9l-48 112c-4.2 9.8-1.4 21.3 6.9 28l60.6 49.6c-36 76.7-98.9 140.5-177.2 177.2l-49.6-60.6c-6.8-8.3-18.2-11.1-28-6.9l-112 48C3.9 366.5-2 378.1.6 389.4l24 104C27.1 504.2 36.7 512 48 512c256.1 0 464-207.5 464-464 0-11.2-7.7-20.9-18.6-23.4z\"><\/path><\/svg>\t\t\t\t\t\t<\/span>\n\t\t\t\t\t\t\t\t\t\t<span class=\"elementor-icon-list-text\">0118054210<\/span>\n\t\t\t\t\t\t\t\t\t<\/li>\n\t\t\t\t\t\t\t\t<li class=\"elementor-icon-list-item\">\n\t\t\t\t\t\t\t\t\t\t\t<span class=\"elementor-icon-list-icon\">\n\t\t\t\t\t\t\t<svg aria-hidden=\"true\" class=\"e-font-icon-svg e-fas-phone\" viewBox=\"0 0 512 512\" xmlns=\"http:\/\/www.w3.org\/2000\/svg\"><path d=\"M493.4 24.6l-104-24c-11.3-2.6-22.9 3.3-27.5 13.9l-48 112c-4.2 9.8-1.4 21.3 6.9 28l60.6 49.6c-36 76.7-98.9 140.5-177.2 177.2l-49.6-60.6c-6.8-8.3-18.2-11.1-28-6.9l-112 48C3.9 366.5-2 378.1.6 389.4l24 104C27.1 504.2 36.7 512 48 512c256.1 0 464-207.5 464-464 0-11.2-7.7-20.9-18.6-23.4z\"><\/path><\/svg>\t\t\t\t\t\t<\/span>\n\t\t\t\t\t\t\t\t\t\t<span class=\"elementor-icon-list-text\">063257718<\/span>\n\t\t\t\t\t\t\t\t\t<\/li>\n\t\t\t\t\t\t\t\t<li class=\"elementor-icon-list-item\">\n\t\t\t\t\t\t\t\t\t\t\t<span class=\"elementor-icon-list-icon\">\n\t\t\t\t\t\t\t<svg aria-hidden=\"true\" class=\"e-font-icon-svg e-far-envelope-open\" viewBox=\"0 0 512 512\" xmlns=\"http:\/\/www.w3.org\/2000\/svg\"><path d=\"M494.586 164.516c-4.697-3.883-111.723-89.95-135.251-108.657C337.231 38.191 299.437 0 256 0c-43.205 0-80.636 37.717-103.335 55.859-24.463 19.45-131.07 105.195-135.15 108.549A48.004 48.004 0 0 0 0 201.485V464c0 26.51 21.49 48 48 48h416c26.51 0 48-21.49 48-48V201.509a48 48 0 0 0-17.414-36.993zM464 458a6 6 0 0 1-6 6H54a6 6 0 0 1-6-6V204.347c0-1.813.816-3.526 2.226-4.665 15.87-12.814 108.793-87.554 132.364-106.293C200.755 78.88 232.398 48 256 48c23.693 0 55.857 31.369 73.41 45.389 23.573 18.741 116.503 93.493 132.366 106.316a5.99 5.99 0 0 1 2.224 4.663V458zm-31.991-187.704c4.249 5.159 3.465 12.795-1.745 16.981-28.975 23.283-59.274 47.597-70.929 56.863C336.636 362.283 299.205 400 256 400c-43.452 0-81.287-38.237-103.335-55.86-11.279-8.967-41.744-33.413-70.927-56.865-5.21-4.187-5.993-11.822-1.745-16.981l15.258-18.528c4.178-5.073 11.657-5.843 16.779-1.726 28.618 23.001 58.566 47.035 70.56 56.571C200.143 320.631 232.307 352 256 352c23.602 0 55.246-30.88 73.41-45.389 11.994-9.535 41.944-33.57 70.563-56.568 5.122-4.116 12.601-3.346 16.778 1.727l15.258 18.526z\"><\/path><\/svg>\t\t\t\t\t\t<\/span>\n\t\t\t\t\t\t\t\t\t\t<span class=\"elementor-icon-list-text\">merica@mericazdravahrana.rs<\/span>\n\t\t\t\t\t\t\t\t\t<\/li>\n\t\t\t\t\t\t<\/ul>\n\t\t\t\t\t\t<\/div>\n\t\t\t\t<\/div>\n\t\t\t\t\t<\/div>\n\t\t<\/div>\n\t\t\t\t<div class=\"elementor-column elementor-col-50 elementor-top-column elementor-element elementor-element-7f3ef247 elementor-invisible\" data-id=\"7f3ef247\" data-element_type=\"column\" data-e-type=\"column\" data-settings=\"{&quot;background_background&quot;:&quot;classic&quot;,&quot;animation&quot;:&quot;fadeIn&quot;,&quot;animation_delay&quot;:400}\">\n\t\t\t<div class=\"elementor-widget-wrap elementor-element-populated\">\n\t\t\t\t\t\t<div class=\"elementor-element elementor-element-7be32bcf elementor-widget elementor-widget-google_maps\" data-id=\"7be32bcf\" data-element_type=\"widget\" data-e-type=\"widget\" data-widget_type=\"google_maps.default\">\n\t\t\t\t<div class=\"elementor-widget-container\">\n\t\t\t\t\t\t\t<div class=\"elementor-custom-embed\">\n\t\t\t<iframe loading=\"lazy\"\n\t\t\t\t\tsrc=\"https:\/\/maps.google.com\/maps?q=44.740134%2C%2020.422796&#038;t=m&#038;z=16&#038;output=embed&#038;iwloc=near\"\n\t\t\t\t\ttitle=\"44.740134, 20.422796\"\n\t\t\t\t\taria-label=\"44.740134, 20.422796\"\n\t\t\t><\/iframe>\n\t\t<\/div>\n\t\t\t\t\t\t<\/div>\n\t\t\t\t<\/div>\n\t\t\t\t\t<\/div>\n\t\t<\/div>\n\t\t\t\t\t<\/div>\n\t\t<\/section>\n\t\t\t\t<\/div>\n\t\t","protected":false},"excerpt":{"rendered":"<p>PO\u0160ALJITE UPIT Kontakt Patrijarha Joanikija bb, Beograd 0118054210 063257718 merica@mericazdravahrana.rs<\/p>\n","protected":false},"author":1,"featured_media":0,"parent":0,"menu_order":0,"comment_status":"closed","ping_status":"closed","template":"","meta":{"_kad_post_transparent":"","_kad_post_title":"hide","_kad_post_layout":"fullwidth","_kad_post_sidebar_id":"","_kad_post_content_style":"unboxed","_kad_post_vertical_padding":"hide","_kad_post_feature":"hide","_kad_post_feature_position":"","_kad_post_header":false,"_kad_post_footer":false,"_kad_post_classname":"","footnotes":""},"class_list":["post-667","page","type-page","status-publish","hentry"],"yoast_head":"<!-- This site is optimized with the Yoast SEO plugin v27.3 - https:\/\/yoast.com\/product\/yoast-seo-wordpress\/ -->\n<title>Kontakt - Merica zdrava hrana<\/title>\n<meta name=\"description\" content=\"\u201cMerica\u201d je prodavnica zdrave hrane koja je osnovana 2005. godine u Beogradu. Na\u0161 fokus je na promociji zdravog na\u010dina \u017eivota kroz ishranu, nude\u0107i sve\u017ee i kvalitetne namirnice, kao i proizvode za specifi\u010dne dijetetske potrebe. Tokom godina, \u201cMerica\u201d je postala omiljena destinacija za ljude koji \u017eele da pobolj\u0161aju svoje zdravlje i ishranu na prirodan na\u010din.\" \/>\n<meta name=\"robots\" content=\"index, follow, max-snippet:-1, max-image-preview:large, max-video-preview:-1\" \/>\n<link rel=\"canonical\" href=\"https:\/\/mericazdravahrana.rs\/index.php\/kontakt\/\" \/>\n<meta property=\"og:locale\" content=\"en_US\" \/>\n<meta property=\"og:type\" content=\"article\" \/>\n<meta property=\"og:title\" content=\"Kontakt - Merica zdrava hrana\" \/>\n<meta property=\"og:description\" content=\"\u201cMerica\u201d je prodavnica zdrave hrane koja je osnovana 2005. godine u Beogradu. Na\u0161 fokus je na promociji zdravog na\u010dina \u017eivota kroz ishranu, nude\u0107i sve\u017ee i kvalitetne namirnice, kao i proizvode za specifi\u010dne dijetetske potrebe. Tokom godina, \u201cMerica\u201d je postala omiljena destinacija za ljude koji \u017eele da pobolj\u0161aju svoje zdravlje i ishranu na prirodan na\u010din.\" \/>\n<meta property=\"og:url\" content=\"https:\/\/mericazdravahrana.rs\/index.php\/kontakt\/\" \/>\n<meta property=\"og:site_name\" content=\"Merica - zdrava hrana\" \/>\n<meta property=\"article:modified_time\" content=\"2024-05-31T14:49:48+00:00\" \/>\n<meta name=\"twitter:card\" content=\"summary_large_image\" \/>\n<meta name=\"twitter:label1\" content=\"Est. reading time\" \/>\n\t<meta name=\"twitter:data1\" content=\"1 minute\" \/>\n<script type=\"application\/ld+json\" class=\"yoast-schema-graph\">{\"@context\":\"https:\\\/\\\/schema.org\",\"@graph\":[{\"@type\":\"WebPage\",\"@id\":\"https:\\\/\\\/mericazdravahrana.rs\\\/index.php\\\/kontakt\\\/\",\"url\":\"https:\\\/\\\/mericazdravahrana.rs\\\/index.php\\\/kontakt\\\/\",\"name\":\"Kontakt - Merica zdrava hrana\",\"isPartOf\":{\"@id\":\"https:\\\/\\\/mericazdravahrana.rs\\\/#website\"},\"datePublished\":\"2024-05-18T18:11:57+00:00\",\"dateModified\":\"2024-05-31T14:49:48+00:00\",\"description\":\"\u201cMerica\u201d je prodavnica zdrave hrane koja je osnovana 2005. godine u Beogradu. Na\u0161 fokus je na promociji zdravog na\u010dina \u017eivota kroz ishranu, nude\u0107i sve\u017ee i kvalitetne namirnice, kao i proizvode za specifi\u010dne dijetetske potrebe. Tokom godina, \u201cMerica\u201d je postala omiljena destinacija za ljude koji \u017eele da pobolj\u0161aju svoje zdravlje i ishranu na prirodan na\u010din.\",\"breadcrumb\":{\"@id\":\"https:\\\/\\\/mericazdravahrana.rs\\\/index.php\\\/kontakt\\\/#breadcrumb\"},\"inLanguage\":\"en-US\",\"potentialAction\":[{\"@type\":\"ReadAction\",\"target\":[\"https:\\\/\\\/mericazdravahrana.rs\\\/index.php\\\/kontakt\\\/\"]}]},{\"@type\":\"BreadcrumbList\",\"@id\":\"https:\\\/\\\/mericazdravahrana.rs\\\/index.php\\\/kontakt\\\/#breadcrumb\",\"itemListElement\":[{\"@type\":\"ListItem\",\"position\":1,\"name\":\"Home\",\"item\":\"https:\\\/\\\/mericazdravahrana.rs\\\/\"},{\"@type\":\"ListItem\",\"position\":2,\"name\":\"Kontakt\"}]},{\"@type\":\"WebSite\",\"@id\":\"https:\\\/\\\/mericazdravahrana.rs\\\/#website\",\"url\":\"https:\\\/\\\/mericazdravahrana.rs\\\/\",\"name\":\"Merica - zdrava hrana\",\"description\":\"\",\"publisher\":{\"@id\":\"https:\\\/\\\/mericazdravahrana.rs\\\/#organization\"},\"potentialAction\":[{\"@type\":\"SearchAction\",\"target\":{\"@type\":\"EntryPoint\",\"urlTemplate\":\"https:\\\/\\\/mericazdravahrana.rs\\\/?s={search_term_string}\"},\"query-input\":{\"@type\":\"PropertyValueSpecification\",\"valueRequired\":true,\"valueName\":\"search_term_string\"}}],\"inLanguage\":\"en-US\"},{\"@type\":\"Organization\",\"@id\":\"https:\\\/\\\/mericazdravahrana.rs\\\/#organization\",\"name\":\"Merica - zdrava hrana\",\"url\":\"https:\\\/\\\/mericazdravahrana.rs\\\/\",\"logo\":{\"@type\":\"ImageObject\",\"inLanguage\":\"en-US\",\"@id\":\"https:\\\/\\\/mericazdravahrana.rs\\\/#\\\/schema\\\/logo\\\/image\\\/\",\"url\":\"https:\\\/\\\/mericazdravahrana.rs\\\/wp-content\\\/uploads\\\/2024\\\/05\\\/Asset-12.svg\",\"contentUrl\":\"https:\\\/\\\/mericazdravahrana.rs\\\/wp-content\\\/uploads\\\/2024\\\/05\\\/Asset-12.svg\",\"width\":539,\"height\":539,\"caption\":\"Merica - zdrava hrana\"},\"image\":{\"@id\":\"https:\\\/\\\/mericazdravahrana.rs\\\/#\\\/schema\\\/logo\\\/image\\\/\"}}]}<\/script>\n<!-- \/ Yoast SEO plugin. -->","yoast_head_json":{"title":"Kontakt - Merica zdrava hrana","description":"\u201cMerica\u201d je prodavnica zdrave hrane koja je osnovana 2005. godine u Beogradu. Na\u0161 fokus je na promociji zdravog na\u010dina \u017eivota kroz ishranu, nude\u0107i sve\u017ee i kvalitetne namirnice, kao i proizvode za specifi\u010dne dijetetske potrebe. Tokom godina, \u201cMerica\u201d je postala omiljena destinacija za ljude koji \u017eele da pobolj\u0161aju svoje zdravlje i ishranu na prirodan na\u010din.","robots":{"index":"index","follow":"follow","max-snippet":"max-snippet:-1","max-image-preview":"max-image-preview:large","max-video-preview":"max-video-preview:-1"},"canonical":"https:\/\/mericazdravahrana.rs\/index.php\/kontakt\/","og_locale":"en_US","og_type":"article","og_title":"Kontakt - Merica zdrava hrana","og_description":"\u201cMerica\u201d je prodavnica zdrave hrane koja je osnovana 2005. godine u Beogradu. Na\u0161 fokus je na promociji zdravog na\u010dina \u017eivota kroz ishranu, nude\u0107i sve\u017ee i kvalitetne namirnice, kao i proizvode za specifi\u010dne dijetetske potrebe. Tokom godina, \u201cMerica\u201d je postala omiljena destinacija za ljude koji \u017eele da pobolj\u0161aju svoje zdravlje i ishranu na prirodan na\u010din.","og_url":"https:\/\/mericazdravahrana.rs\/index.php\/kontakt\/","og_site_name":"Merica - zdrava hrana","article_modified_time":"2024-05-31T14:49:48+00:00","twitter_card":"summary_large_image","twitter_misc":{"Est. reading time":"1 minute"},"schema":{"@context":"https:\/\/schema.org","@graph":[{"@type":"WebPage","@id":"https:\/\/mericazdravahrana.rs\/index.php\/kontakt\/","url":"https:\/\/mericazdravahrana.rs\/index.php\/kontakt\/","name":"Kontakt - Merica zdrava hrana","isPartOf":{"@id":"https:\/\/mericazdravahrana.rs\/#website"},"datePublished":"2024-05-18T18:11:57+00:00","dateModified":"2024-05-31T14:49:48+00:00","description":"\u201cMerica\u201d je prodavnica zdrave hrane koja je osnovana 2005. godine u Beogradu. Na\u0161 fokus je na promociji zdravog na\u010dina \u017eivota kroz ishranu, nude\u0107i sve\u017ee i kvalitetne namirnice, kao i proizvode za specifi\u010dne dijetetske potrebe. Tokom godina, \u201cMerica\u201d je postala omiljena destinacija za ljude koji \u017eele da pobolj\u0161aju svoje zdravlje i ishranu na prirodan na\u010din.","breadcrumb":{"@id":"https:\/\/mericazdravahrana.rs\/index.php\/kontakt\/#breadcrumb"},"inLanguage":"en-US","potentialAction":[{"@type":"ReadAction","target":["https:\/\/mericazdravahrana.rs\/index.php\/kontakt\/"]}]},{"@type":"BreadcrumbList","@id":"https:\/\/mericazdravahrana.rs\/index.php\/kontakt\/#breadcrumb","itemListElement":[{"@type":"ListItem","position":1,"name":"Home","item":"https:\/\/mericazdravahrana.rs\/"},{"@type":"ListItem","position":2,"name":"Kontakt"}]},{"@type":"WebSite","@id":"https:\/\/mericazdravahrana.rs\/#website","url":"https:\/\/mericazdravahrana.rs\/","name":"Merica - zdrava hrana","description":"","publisher":{"@id":"https:\/\/mericazdravahrana.rs\/#organization"},"potentialAction":[{"@type":"SearchAction","target":{"@type":"EntryPoint","urlTemplate":"https:\/\/mericazdravahrana.rs\/?s={search_term_string}"},"query-input":{"@type":"PropertyValueSpecification","valueRequired":true,"valueName":"search_term_string"}}],"inLanguage":"en-US"},{"@type":"Organization","@id":"https:\/\/mericazdravahrana.rs\/#organization","name":"Merica - zdrava hrana","url":"https:\/\/mericazdravahrana.rs\/","logo":{"@type":"ImageObject","inLanguage":"en-US","@id":"https:\/\/mericazdravahrana.rs\/#\/schema\/logo\/image\/","url":"https:\/\/mericazdravahrana.rs\/wp-content\/uploads\/2024\/05\/Asset-12.svg","contentUrl":"https:\/\/mericazdravahrana.rs\/wp-content\/uploads\/2024\/05\/Asset-12.svg","width":539,"height":539,"caption":"Merica - zdrava hrana"},"image":{"@id":"https:\/\/mericazdravahrana.rs\/#\/schema\/logo\/image\/"}}]}},"_links":{"self":[{"href":"https:\/\/mericazdravahrana.rs\/index.php\/wp-json\/wp\/v2\/pages\/667","targetHints":{"allow":["GET"]}}],"collection":[{"href":"https:\/\/mericazdravahrana.rs\/index.php\/wp-json\/wp\/v2\/pages"}],"about":[{"href":"https:\/\/mericazdravahrana.rs\/index.php\/wp-json\/wp\/v2\/types\/page"}],"author":[{"embeddable":true,"href":"https:\/\/mericazdravahrana.rs\/index.php\/wp-json\/wp\/v2\/users\/1"}],"replies":[{"embeddable":true,"href":"https:\/\/mericazdravahrana.rs\/index.php\/wp-json\/wp\/v2\/comments?post=667"}],"version-history":[{"count":52,"href":"https:\/\/mericazdravahrana.rs\/index.php\/wp-json\/wp\/v2\/pages\/667\/revisions"}],"predecessor-version":[{"id":1078,"href":"https:\/\/mericazdravahrana.rs\/index.php\/wp-json\/wp\/v2\/pages\/667\/revisions\/1078"}],"wp:attachment":[{"href":"https:\/\/mericazdravahrana.rs\/index.php\/wp-json\/wp\/v2\/media?parent=667"}],"curies":[{"name":"wp","href":"https:\/\/api.w.org\/{rel}","templated":true}]}}